{"id":174,"date":"2023-09-28T16:59:50","date_gmt":"2023-09-28T14:59:50","guid":{"rendered":"https:\/\/dataprotecteur.fr\/?page_id=174"},"modified":"2023-10-23T18:08:31","modified_gmt":"2023-10-23T16:08:31","slug":"temoignages","status":"publish","type":"page","link":"https:\/\/dataprotecteur.fr\/index.php\/temoignages\/","title":{"rendered":"T\u00e9moignages"},"content":{"rendered":"<p>[et_pb_section fb_built=\u00a0\u00bb1&Prime; admin_label=\u00a0\u00bbSection\u00a0\u00bb _builder_version=\u00a0\u00bb3.25.3&Prime; custom_margin=\u00a0\u00bb||-166px|||\u00a0\u00bb bottom_divider_style=\u00a0\u00bbslant\u00a0\u00bb bottom_divider_color=\u00a0\u00bb#f1fafe\u00a0\u00bb bottom_divider_height=\u00a0\u00bb40vw\u00a0\u00bb bottom_divider_flip=\u00a0\u00bbhorizontal\u00a0\u00bb bottom_divider_arrangement=\u00a0\u00bbabove_content\u00a0\u00bb][\/et_pb_section][et_pb_section fb_built=\u00a0\u00bb1&Prime; admin_label=\u00a0\u00bbFooter\u00a0\u00bb _builder_version=\u00a0\u00bb3.25.3&Prime; use_background_color_gradient=\u00a0\u00bbon\u00a0\u00bb background_color_gradient_start=\u00a0\u00bb#3122b2&Prime; background_color_gradient_end=\u00a0\u00bb#00ffd8&Prime; background_color_gradient_type=\u00a0\u00bbradial\u00a0\u00bb background_color_gradient_direction_radial=\u00a0\u00bbtop right\u00a0\u00bb background_image=\u00a0\u00bbhttps:\/\/dataprotecteur.fr\/wp-content\/uploads\/2023\/09\/cyber-security-17.png\u00a0\u00bb z_index=\u00a0\u00bb10&Prime; min_height=\u00a0\u00bb902.4px\u00a0\u00bb overflow-x=\u00a0\u00bbvisible\u00a0\u00bb overflow-y=\u00a0\u00bbvisible\u00a0\u00bb custom_padding=\u00a0\u00bb||0vw|||\u00a0\u00bb locked=\u00a0\u00bboff\u00a0\u00bb][et_pb_row _builder_version=\u00a0\u00bb4.9.1&Prime; _module_preset=\u00a0\u00bbdefault\u00a0\u00bb][et_pb_column type=\u00a0\u00bb4_4&Prime; _builder_version=\u00a0\u00bb4.9.1&Prime; _module_preset=\u00a0\u00bbdefault\u00a0\u00bb][image_hotspot_parent image=\u00a0\u00bbhttps:\/\/dataprotecteur.fr\/wp-content\/uploads\/2023\/09\/cyber-security-13-3-v5.png\u00a0\u00bb _builder_version=\u00a0\u00bb4.9.1&Prime; _module_preset=\u00a0\u00bbdefault\u00a0\u00bb width=\u00a0\u00bb20%\u00a0\u00bb max_width=\u00a0\u00bb20%\u00a0\u00bb module_alignment=\u00a0\u00bbright\u00a0\u00bb][\/image_hotspot_parent][dica_divi_carousel item_width_auto=\u00a0\u00bbon\u00a0\u00bb multislide=\u00a0\u00bbon\u00a0\u00bb arrow_nav=\u00a0\u00bbon\u00a0\u00bb advanced_effect=\u00a0\u00bbcoverflow\u00a0\u00bb _builder_version=\u00a0\u00bb4.9.1&Prime; _module_preset=\u00a0\u00bbdefault\u00a0\u00bb background_color=\u00a0\u00bb#7CDA24&Prime; hover_enabled=\u00a0\u00bb0&Prime; box_shadow_style_image=\u00a0\u00bbpreset6&Prime; box_shadow_spread_image=\u00a0\u00bb30px\u00a0\u00bb box_shadow_color_image=\u00a0\u00bb#7CDA24&Prime; sticky_enabled=\u00a0\u00bb0&Prime;][dica_divi_carouselitem title=\u00a0\u00bbAttaque de petite entreprise\u00a0\u00bb sub_title=\u00a0\u00bbLe patron d&rsquo;une petite entreprise t\u00e9moigne\u00a0\u00bb button_url_new_window=\u00a0\u00bb1&Prime; _builder_version=\u00a0\u00bb4.9.1&Prime; _module_preset=\u00a0\u00bbdefault\u00a0\u00bb box_shadow_style=\u00a0\u00bbpreset6&Prime; box_shadow_color=\u00a0\u00bb#7CDA24&Prime;]<\/p>\n<p><iframe title=\"Cyberattaques : le patron d\u2019une TPE t\u00e9moigne\" frameborder=\"0\" width=\"1080\" height=\"458\" src=\"https:\/\/geo.dailymotion.com\/player.html?video=x6724dk&#038;\" allowfullscreen allow=\"autoplay; fullscreen; picture-in-picture\"><\/iframe><\/p>\n<p>[\/dica_divi_carouselitem][dica_divi_carouselitem title=\u00a0\u00bbAvis d&rsquo;un expert en cyber s\u00e9curit\u00e9\u00a0\u00bb sub_title=\u00a0\u00bbRansomware, l&rsquo;importance de faire des Sauvegardes s\u00e9curis\u00e9es\u00a0\u00bb button_url_new_window=\u00a0\u00bb1&Prime; _builder_version=\u00a0\u00bb4.9.1&Prime; _module_preset=\u00a0\u00bbdefault\u00a0\u00bb box_shadow_style=\u00a0\u00bbpreset6&Prime; box_shadow_color=\u00a0\u00bb#7CDA24&Prime;]<\/p>\n<p>&nbsp;<\/p>\n<p><iframe title=\"Vrai ou Faux: Attaque informatique, toutes les donn\u00e9es sont perdues? R\u00e9ponse d&#039;un prof cybers\u00e9curit\u00e9\" width=\"1080\" height=\"608\" src=\"https:\/\/www.youtube.com\/embed\/KFHUZFzHSqA?feature=oembed\"  allow=\"accelerometer; autoplay; clipboard-write; encrypted-media; gyroscope; picture-in-picture; web-share\" allowfullscreen><\/iframe><\/p>\n<p>[\/dica_divi_carouselitem][dica_divi_carouselitem title=\u00a0\u00bbAttaque de petite Maire\u00a0\u00bb sub_title=\u00a0\u00bbLes d\u00e9gats d&rsquo;un Ransomware\u00a0\u00bb button_url_new_window=\u00a0\u00bb1&Prime; _builder_version=\u00a0\u00bb4.9.1&Prime; _module_preset=\u00a0\u00bbdefault\u00a0\u00bb box_shadow_style=\u00a0\u00bbpreset6&Prime; box_shadow_color=\u00a0\u00bb#7CDA24&Prime;]<\/p>\n<p>&nbsp;<\/p>\n<p><iframe title=\"BFM Paris - Val-de-Marne: la cyber-attaque de la mairie de Chevilly-Larue laisse encore ses traces\" width=\"1080\" height=\"608\" src=\"https:\/\/www.youtube.com\/embed\/hMKp1bcjuyI?feature=oembed\"  allow=\"accelerometer; autoplay; clipboard-write; encrypted-media; gyroscope; picture-in-picture; web-share\" allowfullscreen><\/iframe><\/p>\n<p>[\/dica_divi_carouselitem][dica_divi_carouselitem title=\u00a0\u00bbAvis de professeur en cyber s\u00e9curit\u00e9\u00a0\u00bb sub_title=\u00a0\u00bbAttaques petites ou grosses entreprises\u00a0\u00bb button_url_new_window=\u00a0\u00bb1&Prime; _builder_version=\u00a0\u00bb4.9.1&Prime; _module_preset=\u00a0\u00bbdefault\u00a0\u00bb box_shadow_style=\u00a0\u00bbpreset6&Prime; box_shadow_color=\u00a0\u00bb#7CDA24&Prime;]<\/p>\n<p>&nbsp;<\/p>\n<p><iframe title=\"Vrai ou Faux: Seules les grosses entreprises subissent des cyberattaques? par Christophe Rosenberger\" width=\"1080\" height=\"608\" src=\"https:\/\/www.youtube.com\/embed\/YcnIBnBMe4Y?feature=oembed\"  allow=\"accelerometer; autoplay; clipboard-write; encrypted-media; gyroscope; picture-in-picture; web-share\" allowfullscreen><\/iframe><\/p>\n<p>[\/dica_divi_carouselitem][dica_divi_carouselitem title=\u00a0\u00bbAttaque de Ransomware\u00a0\u00bb sub_title=\u00a0\u00bbLe 15 sept. 2023, m\u00eame une grosse soci\u00e9t\u00e9 comme MGM &#8230;\u00a0\u00bb button_url_new_window=\u00a0\u00bb1&Prime; _builder_version=\u00a0\u00bb4.9.1&Prime; _module_preset=\u00a0\u00bbdefault\u00a0\u00bb box_shadow_style=\u00a0\u00bbpreset6&Prime; box_shadow_color=\u00a0\u00bb#7CDA24&Prime;]<\/p>\n<p>&nbsp;<\/p>\n<p><iframe title=\"Comment des hackers ont paralys\u00e9 des h\u00f4tels et casinos de Las Vegas pendant une semaine\" width=\"1080\" height=\"608\" src=\"https:\/\/www.youtube.com\/embed\/zTteRH3vFAQ?feature=oembed\"  allow=\"accelerometer; autoplay; clipboard-write; encrypted-media; gyroscope; picture-in-picture; web-share\" allowfullscreen><\/iframe><\/p>\n<p>[\/dica_divi_carouselitem][\/dica_divi_carousel][\/et_pb_column][\/et_pb_row][\/et_pb_section]<\/p>\n","protected":false},"excerpt":{"rendered":"<p>[et_pb_section fb_built=\u00a0\u00bb1&Prime; admin_label=\u00a0\u00bbSection\u00a0\u00bb _builder_version=\u00a0\u00bb3.25.3&Prime; custom_margin=\u00a0\u00bb||-166px|||\u00a0\u00bb bottom_divider_style=\u00a0\u00bbslant\u00a0\u00bb bottom_divider_color=\u00a0\u00bb#f1fafe\u00a0\u00bb bottom_divider_height=\u00a0\u00bb40vw\u00a0\u00bb bottom_divider_flip=\u00a0\u00bbhorizontal\u00a0\u00bb bottom_divider_arrangement=\u00a0\u00bbabove_content\u00a0\u00bb][\/et_pb_section][et_pb_section fb_built=\u00a0\u00bb1&Prime; admin_label=\u00a0\u00bbFooter\u00a0\u00bb _builder_version=\u00a0\u00bb3.25.3&Prime; use_background_color_gradient=\u00a0\u00bbon\u00a0\u00bb background_color_gradient_start=\u00a0\u00bb#3122b2&Prime; background_color_gradient_end=\u00a0\u00bb#00ffd8&Prime; background_color_gradient_type=\u00a0\u00bbradial\u00a0\u00bb background_color_gradient_direction_radial=\u00a0\u00bbtop right\u00a0\u00bb background_image=\u00a0\u00bbhttps:\/\/dataprotecteur.fr\/wp-content\/uploads\/2023\/09\/cyber-security-17.png\u00a0\u00bb z_index=\u00a0\u00bb10&Prime; min_height=\u00a0\u00bb902.4px\u00a0\u00bb overflow-x=\u00a0\u00bbvisible\u00a0\u00bb overflow-y=\u00a0\u00bbvisible\u00a0\u00bb custom_padding=\u00a0\u00bb||0vw|||\u00a0\u00bb locked=\u00a0\u00bboff\u00a0\u00bb][et_pb_row _builder_version=\u00a0\u00bb4.9.1&Prime; _module_preset=\u00a0\u00bbdefault\u00a0\u00bb][et_pb_column type=\u00a0\u00bb4_4&Prime; _builder_version=\u00a0\u00bb4.9.1&Prime; _module_preset=\u00a0\u00bbdefault\u00a0\u00bb][image_hotspot_parent image=\u00a0\u00bbhttps:\/\/dataprotecteur.fr\/wp-content\/uploads\/2023\/09\/cyber-security-13-3-v5.png\u00a0\u00bb _builder_version=\u00a0\u00bb4.9.1&Prime; _module_preset=\u00a0\u00bbdefault\u00a0\u00bb width=\u00a0\u00bb20%\u00a0\u00bb max_width=\u00a0\u00bb20%\u00a0\u00bb module_alignment=\u00a0\u00bbright\u00a0\u00bb][\/image_hotspot_parent][dica_divi_carousel item_width_auto=\u00a0\u00bbon\u00a0\u00bb multislide=\u00a0\u00bbon\u00a0\u00bb arrow_nav=\u00a0\u00bbon\u00a0\u00bb advanced_effect=\u00a0\u00bbcoverflow\u00a0\u00bb _builder_version=\u00a0\u00bb4.9.1&Prime; _module_preset=\u00a0\u00bbdefault\u00a0\u00bb background_color=\u00a0\u00bb#7CDA24&Prime; hover_enabled=\u00a0\u00bb0&Prime; box_shadow_style_image=\u00a0\u00bbpreset6&Prime; box_shadow_spread_image=\u00a0\u00bb30px\u00a0\u00bb box_shadow_color_image=\u00a0\u00bb#7CDA24&Prime; sticky_enabled=\u00a0\u00bb0&Prime;][dica_divi_carouselitem title=\u00a0\u00bbAttaque de petite entreprise\u00a0\u00bb sub_title=\u00a0\u00bbLe patron [&hellip;]<\/p>\n","protected":false},"author":1,"featured_media":0,"parent":0,"menu_order":0,"comment_status":"closed","ping_status":"closed","template":"","meta":{"_et_pb_use_builder":"on","_et_pb_old_content":"","_et_gb_content_width":"","footnotes":""},"class_list":["post-174","page","type-page","status-publish","hentry"],"_links":{"self":[{"href":"https:\/\/dataprotecteur.fr\/index.php\/wp-json\/wp\/v2\/pages\/174","targetHints":{"allow":["GET"]}}],"collection":[{"href":"https:\/\/dataprotecteur.fr\/index.php\/wp-json\/wp\/v2\/pages"}],"about":[{"href":"https:\/\/dataprotecteur.fr\/index.php\/wp-json\/wp\/v2\/types\/page"}],"author":[{"embeddable":true,"href":"https:\/\/dataprotecteur.fr\/index.php\/wp-json\/wp\/v2\/users\/1"}],"replies":[{"embeddable":true,"href":"https:\/\/dataprotecteur.fr\/index.php\/wp-json\/wp\/v2\/comments?post=174"}],"version-history":[{"count":0,"href":"https:\/\/dataprotecteur.fr\/index.php\/wp-json\/wp\/v2\/pages\/174\/revisions"}],"wp:attachment":[{"href":"https:\/\/dataprotecteur.fr\/index.php\/wp-json\/wp\/v2\/media?parent=174"}],"curies":[{"name":"wp","href":"https:\/\/api.w.org\/{rel}","templated":true}]}}