{"id":208,"date":"2023-09-30T14:44:51","date_gmt":"2023-09-30T12:44:51","guid":{"rendered":"https:\/\/dataprotecteur.fr\/?page_id=208"},"modified":"2023-10-05T19:44:43","modified_gmt":"2023-10-05T17:44:43","slug":"mentons-legales-et-politque-de-confidentialite","status":"publish","type":"page","link":"https:\/\/dataprotecteur.fr\/index.php\/mentons-legales-et-politque-de-confidentialite\/","title":{"rendered":"Mentons L\u00e9gales et Politque de confidentialit\u00e9"},"content":{"rendered":"<p>[et_pb_section admin_label=\u00a0\u00bbsection\u00a0\u00bb]<br \/>\n\t\t\t[et_pb_row admin_label=\u00a0\u00bbrow\u00a0\u00bb]<br \/>\n\t\t\t\t[et_pb_column type=\u00a0\u00bb4_4&Prime;][et_pb_text admin_label=\u00a0\u00bbText\u00a0\u00bb]Politique en mati\u00e8re de cookies (UE)<br \/>\nCette politique en mati\u00e8re de cookies a \u00e9t\u00e9 mise \u00e0 jour pour la derni\u00e8re fois le 30 septembre 2023 et s\u2019applique aux citoyens et r\u00e9sidents permanents l\u00e9gaux de l\u2019Espace \u00e9conomique europ\u00e9en et de la Suisse.<\/p>\n<p>1. Introduction<br \/>\nNotre site Web, https:\/\/dataprotecteur.fr (ci-apr\u00e8s : \u00ab le site Web \u00bb) utilise des cookies et d\u2019autres technologies connexes (pour plus de commodit\u00e9, toutes les technologies sont appel\u00e9es \u00ab cookies \u00bb). Les cookies sont \u00e9galement plac\u00e9s par des tiers que nous avons engag\u00e9s. Dans le document ci-dessous, nous vous informons sur l\u2019utilisation de cookies sur notre site Web.<\/p>\n<p>2. Qu\u2019est-ce qu\u2019un cookie ?<br \/>\nUn cookie est un petit fichier simple qui est envoy\u00e9 avec les pages de ce site Web et stock\u00e9 par votre navigateur sur le disque dur de votre ordinateur ou d\u2019un autre appareil. Les informations qui y sont stock\u00e9es peuvent \u00eatre retourn\u00e9es \u00e0 nos serveurs ou aux serveurs des tiers concern\u00e9s lors d\u2019une visite ult\u00e9rieure.<\/p>\n<p>3. Que sont les scripts ?<br \/>\nUn script est un morceau de code de programme qui est utilis\u00e9 pour faire fonctionner notre site Web correctement et de mani\u00e8re interactive. Ce code est ex\u00e9cut\u00e9 sur notre serveur ou sur votre appareil.<\/p>\n<p>4. Qu\u2019est-ce qu\u2019une balise Web?<br \/>\nUne balise Web (ou une balise pixel) est un petit morceau de texte ou d\u2019image invisible sur un site Web qui est utilis\u00e9 pour surveiller le trafic sur un site Web. Pour ce faire, diverses donn\u00e9es vous concernant sont stock\u00e9es \u00e0 l\u2019aide de balises Web.<\/p>\n<p>5. T\u00e9moins (cookies)<br \/>\n5.1 Cookies techniques ou fonctionnels<\/p>\n<p>Certains cookies garantissent que certaines parties du site Web fonctionnent correctement et que vos pr\u00e9f\u00e9rences d\u2019utilisateur restent connues. En pla\u00e7ant des cookies fonctionnels, nous vous facilitons la visite de notre site Web. De cette fa\u00e7on, vous n\u2019avez pas besoin de saisir plusieurs fois les m\u00eames informations lorsque vous visitez notre site Web et, par exemple, les articles restent dans votre panier jusqu\u2019\u00e0 ce que vous ayez pay\u00e9. Nous pouvons placer ces cookies sans votre consentement.<\/p>\n<p>5.2 Cookies de statistiques<\/p>\n<p>\u00c9tant donn\u00e9 que les statistiques sont suivies de mani\u00e8re anonyme, aucune autorisation n\u2019est demand\u00e9e pour placer des cookies statistiques.<\/p>\n<p>5.3 Cookies de marketing\/suivi<\/p>\n<p>Les cookies de marketing \/ suivi sont des cookies ou toute autre forme de stockage local, utilis\u00e9s pour cr\u00e9er des profils d\u2019utilisateur pour afficher de la publicit\u00e9 ou pour suivre l\u2019utilisateur sur ce site Web ou sur plusieurs sites Web \u00e0 des fins de marketing similaires.<\/p>\n<p>5.4 M\u00e9dias sociaux<\/p>\n<p>Sur notre site Web, nous avons inclus du contenu de Facebook, Twitter et Pinterest pour promouvoir des pages Web (par exemple, \u00ab j\u2019aime \u00bb, \u00ab \u00e9pingler \u00bb) ou partager (par exemple, \u00ab tweet \u00bb) sur des r\u00e9seaux sociaux tels que Facebook, Twitter et Pinterest. Ce contenu est int\u00e9gr\u00e9 avec du code d\u00e9riv\u00e9 de Facebook, Twitter et Pinterest et place des cookies. Ce contenu peut stocker et traiter certaines informations \u00e0 des fins de publicit\u00e9 personnalis\u00e9e.<\/p>\n<p>Veuillez lire la d\u00e9claration de confidentialit\u00e9 de ces r\u00e9seaux sociaux (qui peut changer r\u00e9guli\u00e8rement) pour savoir ce qu\u2019ils font de vos donn\u00e9es (personnelles) qu\u2019ils traitent \u00e0 l\u2019aide de ces cookies. Les donn\u00e9es r\u00e9cup\u00e9r\u00e9es sont anonymis\u00e9es autant que possible. Facebook, Twitter et Pinterest sont situ\u00e9s aux \u00c9tats-Unis.<\/p>\n<p>6. Cookies plac\u00e9s<br \/>\nDivers<br \/>\nObjet en cours d\u2019enqu\u00eate<\/p>\n<p>Consentement au service divers<br \/>\n7. Consentement<br \/>\nLorsque vous visitez notre site Web pour la premi\u00e8re fois, nous vous montrerons une fen\u00eatre contextuelle avec une explication sur les cookies. D\u00e8s que vous cliquez sur \u00ab Enregistrer les pr\u00e9f\u00e9rences \u00bb, vous consentez \u00e0 ce que nous utilisions les cat\u00e9gories de cookies et de plug-ins que vous avez s\u00e9lectionn\u00e9es dans la fen\u00eatre contextuelle, comme d\u00e9crit dans la pr\u00e9sente Politique en mati\u00e8re de cookies. Vous pouvez d\u00e9sactiver l\u2019utilisation des cookies via votre navigateur, mais veuillez noter que notre site Web peut ne plus fonctionner correctement.<\/p>\n<p>Marketing<br \/>\n8. Activation\/d\u00e9sactivation et suppression des cookies<br \/>\nVous pouvez utiliser votre navigateur Internet pour supprimer automatiquement ou manuellement les cookies. Vous pouvez \u00e9galement sp\u00e9cifier que certains cookies ne peuvent pas \u00eatre plac\u00e9s. Une autre option consiste \u00e0 modifier les param\u00e8tres de votre navigateur Internet afin que vous receviez un message chaque fois qu\u2019un cookie est plac\u00e9. Pour plus d\u2019informations sur ces options, veuillez consulter les instructions de la section Aide de votre navigateur.<\/p>\n<p>Veuillez noter que notre site Web peut ne pas fonctionner correctement si tous les cookies sont d\u00e9sactiv\u00e9s. Si vous supprimez les cookies dans votre navigateur, ils seront plac\u00e9s \u00e0 nouveau apr\u00e8s votre consentement lorsque vous visiterez \u00e0 nouveau notre site Web.<\/p>\n<p>9. Vos droits en mati\u00e8re de donn\u00e9es personnelles<br \/>\nVous disposez des droits suivants en ce qui concerne vos donn\u00e9es personnelles :<\/p>\n<p>Vous avez le droit de savoir pourquoi vos donn\u00e9es personnelles sont n\u00e9cessaires, ce qu\u2019il en adviendra et combien de temps elles seront conserv\u00e9es.<br \/>\nDroit d\u2019acc\u00e8s: Vous avez le droit d\u2019acc\u00e9der \u00e0 vos donn\u00e9es personnelles que nous connaissons.<br \/>\nDroit de rectification : vous avez le droit de compl\u00e9ter, corriger, faire supprimer ou bloquer vos donn\u00e9es personnelles quand vous le souhaitez.<br \/>\nSi vous nous donnez votre consentement pour traiter vos donn\u00e9es, vous avez le droit de r\u00e9voquer ce consentement et de faire supprimer vos donn\u00e9es personnelles.<br \/>\nDroit de transf\u00e9rer vos donn\u00e9es : vous avez le droit de demander toutes vos donn\u00e9es personnelles au responsable du traitement et de les transf\u00e9rer dans leur int\u00e9gralit\u00e9 \u00e0 un autre responsable du traitement.<br \/>\nDroit d\u2019opposition : vous pouvez vous opposer au traitement de vos donn\u00e9es. Nous nous y conformons, sauf s\u2019il existe des motifs justifi\u00e9s pour le traitement.<br \/>\nPour exercer ces droits, veuillez nous contacter. Veuillez vous r\u00e9f\u00e9rer aux coordonn\u00e9es au bas de la pr\u00e9sente Politique en mati\u00e8re de cookies. Si vous avez une plainte concernant la fa\u00e7on dont nous traitons vos donn\u00e9es, nous aimerions avoir de vos nouvelles, mais vous avez \u00e9galement le droit de d\u00e9poser une plainte aupr\u00e8s de l\u2019autorit\u00e9 de contr\u00f4le (l\u2019autorit\u00e9 de protection des donn\u00e9es).<\/p>\n<p>10. Coordonn\u00e9es<br \/>\nPour toute question et\/ou commentaire concernant notre Politique en mati\u00e8re de cookies et cette d\u00e9claration, veuillez nous contacter en utilisant les coordonn\u00e9es suivantes :<\/p>\n<p>Protection des donn\u00e9es<br \/>\nRue Saint Omer 95810 Vallangoujard<br \/>\nFrance<br \/>\nSite Internet: https:\/\/dataprotecteur.fr<br \/>\nEmail: administrateur@dataprotecteur.fr<br \/>\nNum\u00e9ro de t\u00e9l\u00e9phone: +33 09 82 34 74 47<\/p>\n<p>Cette politique en mati\u00e8re de cookies a \u00e9t\u00e9 synchronis\u00e9e avec cookiedatabase.org le 30 septembre 2023.[\/et_pb_text][\/et_pb_column]<br \/>\n\t\t\t[\/et_pb_row]<br \/>\n\t\t[\/et_pb_section]<\/p>\n","protected":false},"excerpt":{"rendered":"<p>[et_pb_section admin_label=\u00a0\u00bbsection\u00a0\u00bb] [et_pb_row admin_label=\u00a0\u00bbrow\u00a0\u00bb] [et_pb_column type=\u00a0\u00bb4_4&Prime;][et_pb_text admin_label=\u00a0\u00bbText\u00a0\u00bb]Politique en mati\u00e8re de cookies (UE) Cette politique en mati\u00e8re de cookies a \u00e9t\u00e9 mise \u00e0 jour pour la derni\u00e8re fois le 30 septembre 2023 et s\u2019applique aux citoyens et r\u00e9sidents permanents l\u00e9gaux de l\u2019Espace \u00e9conomique europ\u00e9en et de la Suisse. 1. Introduction Notre site Web, https:\/\/dataprotecteur.fr (ci-apr\u00e8s : [&hellip;]<\/p>\n","protected":false},"author":1,"featured_media":0,"parent":0,"menu_order":0,"comment_status":"closed","ping_status":"closed","template":"","meta":{"_et_pb_use_builder":"on","_et_pb_old_content":"Politique en mati\u00e8re de cookies (UE)\r\nCette politique en mati\u00e8re de cookies a \u00e9t\u00e9 mise \u00e0 jour pour la derni\u00e8re fois le 30 septembre 2023 et s\u2019applique aux citoyens et r\u00e9sidents permanents l\u00e9gaux de l\u2019Espace \u00e9conomique europ\u00e9en et de la Suisse.\r\n\r\n1. Introduction\r\nNotre site Web, https:\/\/dataprotecteur.fr (ci-apr\u00e8s : \u00ab le site Web \u00bb) utilise des cookies et d\u2019autres technologies connexes (pour plus de commodit\u00e9, toutes les technologies sont appel\u00e9es \u00ab cookies \u00bb). Les cookies sont \u00e9galement plac\u00e9s par des tiers que nous avons engag\u00e9s. Dans le document ci-dessous, nous vous informons sur l\u2019utilisation de cookies sur notre site Web.\r\n\r\n2. Qu\u2019est-ce qu\u2019un cookie ?\r\nUn cookie est un petit fichier simple qui est envoy\u00e9 avec les pages de ce site Web et stock\u00e9 par votre navigateur sur le disque dur de votre ordinateur ou d\u2019un autre appareil. Les informations qui y sont stock\u00e9es peuvent \u00eatre retourn\u00e9es \u00e0 nos serveurs ou aux serveurs des tiers concern\u00e9s lors d\u2019une visite ult\u00e9rieure.\r\n\r\n3. Que sont les scripts ?\r\nUn script est un morceau de code de programme qui est utilis\u00e9 pour faire fonctionner notre site Web correctement et de mani\u00e8re interactive. Ce code est ex\u00e9cut\u00e9 sur notre serveur ou sur votre appareil.\r\n\r\n4. Qu\u2019est-ce qu\u2019une balise Web?\r\nUne balise Web (ou une balise pixel) est un petit morceau de texte ou d\u2019image invisible sur un site Web qui est utilis\u00e9 pour surveiller le trafic sur un site Web. Pour ce faire, diverses donn\u00e9es vous concernant sont stock\u00e9es \u00e0 l\u2019aide de balises Web.\r\n\r\n5. T\u00e9moins (cookies)\r\n5.1 Cookies techniques ou fonctionnels\r\n\r\nCertains cookies garantissent que certaines parties du site Web fonctionnent correctement et que vos pr\u00e9f\u00e9rences d\u2019utilisateur restent connues. En pla\u00e7ant des cookies fonctionnels, nous vous facilitons la visite de notre site Web. De cette fa\u00e7on, vous n\u2019avez pas besoin de saisir plusieurs fois les m\u00eames informations lorsque vous visitez notre site Web et, par exemple, les articles restent dans votre panier jusqu\u2019\u00e0 ce que vous ayez pay\u00e9. Nous pouvons placer ces cookies sans votre consentement.\r\n\r\n5.2 Cookies de statistiques\r\n\r\n\u00c9tant donn\u00e9 que les statistiques sont suivies de mani\u00e8re anonyme, aucune autorisation n\u2019est demand\u00e9e pour placer des cookies statistiques.\r\n\r\n5.3 Cookies de marketing\/suivi\r\n\r\nLes cookies de marketing \/ suivi sont des cookies ou toute autre forme de stockage local, utilis\u00e9s pour cr\u00e9er des profils d\u2019utilisateur pour afficher de la publicit\u00e9 ou pour suivre l\u2019utilisateur sur ce site Web ou sur plusieurs sites Web \u00e0 des fins de marketing similaires.\r\n\r\n5.4 M\u00e9dias sociaux\r\n\r\nSur notre site Web, nous avons inclus du contenu de Facebook, Twitter et Pinterest pour promouvoir des pages Web (par exemple, \u00ab j\u2019aime \u00bb, \u00ab \u00e9pingler \u00bb) ou partager (par exemple, \u00ab tweet \u00bb) sur des r\u00e9seaux sociaux tels que Facebook, Twitter et Pinterest. Ce contenu est int\u00e9gr\u00e9 avec du code d\u00e9riv\u00e9 de Facebook, Twitter et Pinterest et place des cookies. Ce contenu peut stocker et traiter certaines informations \u00e0 des fins de publicit\u00e9 personnalis\u00e9e.\r\n\r\nVeuillez lire la d\u00e9claration de confidentialit\u00e9 de ces r\u00e9seaux sociaux (qui peut changer r\u00e9guli\u00e8rement) pour savoir ce qu\u2019ils font de vos donn\u00e9es (personnelles) qu\u2019ils traitent \u00e0 l\u2019aide de ces cookies. Les donn\u00e9es r\u00e9cup\u00e9r\u00e9es sont anonymis\u00e9es autant que possible. Facebook, Twitter et Pinterest sont situ\u00e9s aux \u00c9tats-Unis.\r\n\r\n6. Cookies plac\u00e9s\r\nDivers\r\nObjet en cours d\u2019enqu\u00eate\r\n\r\nConsentement au service divers\r\n7. Consentement\r\nLorsque vous visitez notre site Web pour la premi\u00e8re fois, nous vous montrerons une fen\u00eatre contextuelle avec une explication sur les cookies. D\u00e8s que vous cliquez sur \u00ab Enregistrer les pr\u00e9f\u00e9rences \u00bb, vous consentez \u00e0 ce que nous utilisions les cat\u00e9gories de cookies et de plug-ins que vous avez s\u00e9lectionn\u00e9es dans la fen\u00eatre contextuelle, comme d\u00e9crit dans la pr\u00e9sente Politique en mati\u00e8re de cookies. Vous pouvez d\u00e9sactiver l\u2019utilisation des cookies via votre navigateur, mais veuillez noter que notre site Web peut ne plus fonctionner correctement.\r\n\r\nMarketing\r\n8. Activation\/d\u00e9sactivation et suppression des cookies\r\nVous pouvez utiliser votre navigateur Internet pour supprimer automatiquement ou manuellement les cookies. Vous pouvez \u00e9galement sp\u00e9cifier que certains cookies ne peuvent pas \u00eatre plac\u00e9s. Une autre option consiste \u00e0 modifier les param\u00e8tres de votre navigateur Internet afin que vous receviez un message chaque fois qu\u2019un cookie est plac\u00e9. Pour plus d\u2019informations sur ces options, veuillez consulter les instructions de la section Aide de votre navigateur.\r\n\r\nVeuillez noter que notre site Web peut ne pas fonctionner correctement si tous les cookies sont d\u00e9sactiv\u00e9s. Si vous supprimez les cookies dans votre navigateur, ils seront plac\u00e9s \u00e0 nouveau apr\u00e8s votre consentement lorsque vous visiterez \u00e0 nouveau notre site Web.\r\n\r\n9. Vos droits en mati\u00e8re de donn\u00e9es personnelles\r\nVous disposez des droits suivants en ce qui concerne vos donn\u00e9es personnelles :\r\n\r\nVous avez le droit de savoir pourquoi vos donn\u00e9es personnelles sont n\u00e9cessaires, ce qu\u2019il en adviendra et combien de temps elles seront conserv\u00e9es.\r\nDroit d\u2019acc\u00e8s: Vous avez le droit d\u2019acc\u00e9der \u00e0 vos donn\u00e9es personnelles que nous connaissons.\r\nDroit de rectification : vous avez le droit de compl\u00e9ter, corriger, faire supprimer ou bloquer vos donn\u00e9es personnelles quand vous le souhaitez.\r\nSi vous nous donnez votre consentement pour traiter vos donn\u00e9es, vous avez le droit de r\u00e9voquer ce consentement et de faire supprimer vos donn\u00e9es personnelles.\r\nDroit de transf\u00e9rer vos donn\u00e9es : vous avez le droit de demander toutes vos donn\u00e9es personnelles au responsable du traitement et de les transf\u00e9rer dans leur int\u00e9gralit\u00e9 \u00e0 un autre responsable du traitement.\r\nDroit d\u2019opposition : vous pouvez vous opposer au traitement de vos donn\u00e9es. Nous nous y conformons, sauf s\u2019il existe des motifs justifi\u00e9s pour le traitement.\r\nPour exercer ces droits, veuillez nous contacter. Veuillez vous r\u00e9f\u00e9rer aux coordonn\u00e9es au bas de la pr\u00e9sente Politique en mati\u00e8re de cookies. Si vous avez une plainte concernant la fa\u00e7on dont nous traitons vos donn\u00e9es, nous aimerions avoir de vos nouvelles, mais vous avez \u00e9galement le droit de d\u00e9poser une plainte aupr\u00e8s de l\u2019autorit\u00e9 de contr\u00f4le (l\u2019autorit\u00e9 de protection des donn\u00e9es).\r\n\r\n10. Coordonn\u00e9es\r\nPour toute question et\/ou commentaire concernant notre Politique en mati\u00e8re de cookies et cette d\u00e9claration, veuillez nous contacter en utilisant les coordonn\u00e9es suivantes :\r\n\r\nProtection des donn\u00e9es\r\nRue Saint Omer 95810 Vallangoujard\r\nFrance\r\nSite Internet: https:\/\/dataprotecteur.fr\r\nEmail: administrateur@dataprotecteur.fr\r\nNum\u00e9ro de t\u00e9l\u00e9phone: +33 09 82 34 74 47\r\n\r\nCette politique en mati\u00e8re de cookies a \u00e9t\u00e9 synchronis\u00e9e avec cookiedatabase.org le 30 septembre 2023.","_et_gb_content_width":"","footnotes":""},"class_list":["post-208","page","type-page","status-publish","hentry"],"_links":{"self":[{"href":"https:\/\/dataprotecteur.fr\/index.php\/wp-json\/wp\/v2\/pages\/208","targetHints":{"allow":["GET"]}}],"collection":[{"href":"https:\/\/dataprotecteur.fr\/index.php\/wp-json\/wp\/v2\/pages"}],"about":[{"href":"https:\/\/dataprotecteur.fr\/index.php\/wp-json\/wp\/v2\/types\/page"}],"author":[{"embeddable":true,"href":"https:\/\/dataprotecteur.fr\/index.php\/wp-json\/wp\/v2\/users\/1"}],"replies":[{"embeddable":true,"href":"https:\/\/dataprotecteur.fr\/index.php\/wp-json\/wp\/v2\/comments?post=208"}],"version-history":[{"count":0,"href":"https:\/\/dataprotecteur.fr\/index.php\/wp-json\/wp\/v2\/pages\/208\/revisions"}],"wp:attachment":[{"href":"https:\/\/dataprotecteur.fr\/index.php\/wp-json\/wp\/v2\/media?parent=208"}],"curies":[{"name":"wp","href":"https:\/\/api.w.org\/{rel}","templated":true}]}}